{"id":25998,"date":"2014-05-26T15:15:20","date_gmt":"2014-05-26T15:15:20","guid":{"rendered":"https:\/\/elportillord.com\/villas-a-loer-a-el-portillo\/"},"modified":"2026-04-14T15:03:27","modified_gmt":"2026-04-14T15:03:27","slug":"villas-a-loer-a-el-portillo","status":"publish","type":"page","link":"https:\/\/elportillord.com\/fr\/villas-a-loer-a-el-portillo\/","title":{"rendered":"Villas \u00e0 louer \u00e0 El Portillo"},"content":{"rendered":"\t\t<div data-elementor-type=\"wp-page\" data-elementor-id=\"25998\" class=\"elementor elementor-25998 elementor-93\">\n\t\t\t\t<div class=\"elementor-element elementor-element-49a89855 e-con-full e-flex e-con e-parent\" data-id=\"49a89855\" data-element_type=\"container\" data-e-type=\"container\">\n\t\t\t\t<div class=\"elementor-element elementor-element-f1d7a44 elementor-widget elementor-widget-heading\" data-id=\"f1d7a44\" data-element_type=\"widget\" data-e-type=\"widget\" data-widget_type=\"heading.default\">\n\t\t\t\t\t<h1 class=\"elementor-heading-title elementor-size-default\">Villas \u00e0 louer \u00e0 El Portillo<\/h1>\t\t\t\t<\/div>\n\t\t\t\t<div class=\"elementor-element elementor-element-1387c202 elementor-widget__width-initial elementor-widget elementor-widget-text-editor\" data-id=\"1387c202\" data-element_type=\"widget\" data-e-type=\"widget\" data-widget_type=\"text-editor.default\">\n\t\t\t\t\t\t\t\t\t\n<p>D\u00e9couvrez notre collection exclusive de <strong>villas \u00e0 louer \u00e0 El Portillo<\/strong>, l&rsquo;une des destinations les plus pris\u00e9es de Las Terrenas. Chaque villa a \u00e9t\u00e9 soigneusement s\u00e9lectionn\u00e9e pour allier confort, style et emplacement privil\u00e9gi\u00e9 en bord de mer ou dans un jardin, vous garantissant ainsi le cadre id\u00e9al pour votre escapade dans les Cara\u00efbes.<\/p>\n\n\n\n<div style=\"height:20px\" aria-hidden=\"true\" class=\"wp-block-spacer\"><\/div>\n\t\t\t\t\t\t\t\t<\/div>\n\t\t\t\t<\/div>\n\t\t\t\t<\/div>\n\t\t","protected":false},"excerpt":{"rendered":"<p>Villas \u00e0 louer \u00e0 El Portillo D\u00e9couvrez notre collection exclusive de villas \u00e0 louer \u00e0 El Portillo, l&rsquo;une des destinations les plus pris\u00e9es de Las Terrenas. Chaque villa a \u00e9t\u00e9 soigneusement s\u00e9lectionn\u00e9e pour allier confort, style et emplacement privil\u00e9gi\u00e9 en bord de mer ou dans un jardin, vous garantissant ainsi le cadre id\u00e9al pour votre escapade dans les Cara\u00efbes.<\/p>\n","protected":false},"author":1,"featured_media":25995,"parent":0,"menu_order":0,"comment_status":"open","ping_status":"open","template":"page-templates\/property_list.php","meta":{"footnotes":""},"class_list":["post-25998","page","type-page","status-publish","has-post-thumbnail","hentry"],"_links":{"self":[{"href":"https:\/\/elportillord.com\/fr\/wp-json\/wp\/v2\/pages\/25998","targetHints":{"allow":["GET"]}}],"collection":[{"href":"https:\/\/elportillord.com\/fr\/wp-json\/wp\/v2\/pages"}],"about":[{"href":"https:\/\/elportillord.com\/fr\/wp-json\/wp\/v2\/types\/page"}],"author":[{"embeddable":true,"href":"https:\/\/elportillord.com\/fr\/wp-json\/wp\/v2\/users\/1"}],"replies":[{"embeddable":true,"href":"https:\/\/elportillord.com\/fr\/wp-json\/wp\/v2\/comments?post=25998"}],"version-history":[{"count":1,"href":"https:\/\/elportillord.com\/fr\/wp-json\/wp\/v2\/pages\/25998\/revisions"}],"predecessor-version":[{"id":26970,"href":"https:\/\/elportillord.com\/fr\/wp-json\/wp\/v2\/pages\/25998\/revisions\/26970"}],"wp:featuredmedia":[{"embeddable":true,"href":"https:\/\/elportillord.com\/fr\/wp-json\/wp\/v2\/media\/25995"}],"wp:attachment":[{"href":"https:\/\/elportillord.com\/fr\/wp-json\/wp\/v2\/media?parent=25998"}],"curies":[{"name":"wp","href":"https:\/\/api.w.org\/{rel}","templated":true}]}}