{"id":26966,"date":"2026-04-14T14:56:15","date_gmt":"2026-04-14T14:56:15","guid":{"rendered":"https:\/\/elportillord.com\/el-portillo-appartements-a-louer\/"},"modified":"2026-04-14T15:14:01","modified_gmt":"2026-04-14T15:14:01","slug":"el-portillo-appartements-a-louer","status":"publish","type":"page","link":"https:\/\/elportillord.com\/fr\/el-portillo-appartements-a-louer\/","title":{"rendered":"El Portillo Appartements \u00e0 louer"},"content":{"rendered":"\t\t<div data-elementor-type=\"wp-page\" data-elementor-id=\"26966\" class=\"elementor elementor-26966 elementor-26959\">\n\t\t\t\t<div class=\"elementor-element elementor-element-0cda8a5 e-con-full e-flex e-con e-parent\" data-id=\"0cda8a5\" data-element_type=\"container\" data-e-type=\"container\">\n\t\t\t\t<div class=\"elementor-element elementor-element-e14bcc4 elementor-widget elementor-widget-heading\" data-id=\"e14bcc4\" data-element_type=\"widget\" data-e-type=\"widget\" data-widget_type=\"heading.default\">\n\t\t\t\t\t<h1 class=\"elementor-heading-title elementor-size-default\">El Portillo Appartements \u00e0 louer<\/h1>\t\t\t\t<\/div>\n\t\t\t\t<div class=\"elementor-element elementor-element-687374e elementor-widget__width-initial elementor-widget elementor-widget-text-editor\" data-id=\"687374e\" data-element_type=\"widget\" data-e-type=\"widget\" data-widget_type=\"text-editor.default\">\n\t\t\t\t\t\t\t\t\t<p>D\u00e9couvrez notre collection exclusive d&rsquo;<strong>appartements \u00e0 louer \u00e0 El Portillo<\/strong>, l&rsquo;une des destinations les plus pris\u00e9es de Las Terrenas. Chaque appartement a \u00e9t\u00e9 soigneusement s\u00e9lectionn\u00e9 pour allier confort, style et emplacement privil\u00e9gi\u00e9 en bord de mer au sein de la communaut\u00e9 ferm\u00e9e d&rsquo;El Portillo Residences, garantissant ainsi un cadre id\u00e9al pour votre escapade dans les Cara\u00efbes. <\/p><div class=\"wp-block-spacer\" style=\"height: 20px;\" aria-hidden=\"true\"> <\/div>\t\t\t\t\t\t\t\t<\/div>\n\t\t\t\t<\/div>\n\t\t\t\t<\/div>\n\t\t","protected":false},"excerpt":{"rendered":"<p>El Portillo Appartements \u00e0 louer D\u00e9couvrez notre collection exclusive d&rsquo;appartements \u00e0 louer \u00e0 El Portillo, l&rsquo;une des destinations les plus pris\u00e9es de Las Terrenas. Chaque appartement a \u00e9t\u00e9 soigneusement s\u00e9lectionn\u00e9 pour allier confort, style et emplacement privil\u00e9gi\u00e9 en bord de mer au sein de la communaut\u00e9 ferm\u00e9e d&rsquo;El Portillo Residences, garantissant ainsi un cadre id\u00e9al pour votre escapade dans les Cara\u00efbes.<\/p>\n","protected":false},"author":1,"featured_media":26894,"parent":0,"menu_order":0,"comment_status":"closed","ping_status":"closed","template":"page-templates\/property_list.php","meta":{"footnotes":""},"class_list":["post-26966","page","type-page","status-publish","has-post-thumbnail","hentry"],"_links":{"self":[{"href":"https:\/\/elportillord.com\/fr\/wp-json\/wp\/v2\/pages\/26966","targetHints":{"allow":["GET"]}}],"collection":[{"href":"https:\/\/elportillord.com\/fr\/wp-json\/wp\/v2\/pages"}],"about":[{"href":"https:\/\/elportillord.com\/fr\/wp-json\/wp\/v2\/types\/page"}],"author":[{"embeddable":true,"href":"https:\/\/elportillord.com\/fr\/wp-json\/wp\/v2\/users\/1"}],"replies":[{"embeddable":true,"href":"https:\/\/elportillord.com\/fr\/wp-json\/wp\/v2\/comments?post=26966"}],"version-history":[{"count":1,"href":"https:\/\/elportillord.com\/fr\/wp-json\/wp\/v2\/pages\/26966\/revisions"}],"predecessor-version":[{"id":26967,"href":"https:\/\/elportillord.com\/fr\/wp-json\/wp\/v2\/pages\/26966\/revisions\/26967"}],"wp:featuredmedia":[{"embeddable":true,"href":"https:\/\/elportillord.com\/fr\/wp-json\/wp\/v2\/media\/26894"}],"wp:attachment":[{"href":"https:\/\/elportillord.com\/fr\/wp-json\/wp\/v2\/media?parent=26966"}],"curies":[{"name":"wp","href":"https:\/\/api.w.org\/{rel}","templated":true}]}}